{"id":212872,"date":"2020-03-05T15:40:37","date_gmt":"2020-03-05T15:40:37","guid":{"rendered":"https:\/\/portugalbyvan.com\/?page_id=212872"},"modified":"2025-04-14T11:24:57","modified_gmt":"2025-04-14T11:24:57","slug":"privacy-policy","status":"publish","type":"page","link":"https:\/\/portugalbyvan.com\/es\/privacy-policy\/","title":{"rendered":"pol\u00edtica de privacidad"},"content":{"rendered":"<p>[et_pb_section fb_built=&#8221;1&#8243; _builder_version=&#8221;4.16&#8243; global_colors_info=&#8221;{}&#8221;][et_pb_row _builder_version=&#8221;4.16&#8243; background_size=&#8221;initial&#8221; background_position=&#8221;top_left&#8221; background_repeat=&#8221;repeat&#8221; global_colors_info=&#8221;{}&#8221;][et_pb_column type=&#8221;4_4&#8243; _builder_version=&#8221;4.16&#8243; custom_padding=&#8221;|||&#8221; global_colors_info=&#8221;{}&#8221; custom_padding__hover=&#8221;|||&#8221;][et_pb_text _builder_version=&#8221;4.16&#8243; background_size=&#8221;initial&#8221; background_position=&#8221;top_left&#8221; background_repeat=&#8221;repeat&#8221; global_colors_info=&#8221;{}&#8221;]<!-- divi:heading --><\/p>\n<p style=\"font-weight: 400;\"><strong>Pol\u00edtica de Cookies<\/strong><\/p>\n<p style=\"font-weight: 400;\">Esta Pol\u00edtica de Cookies explica o que s\u00e3o cookies e como os usamos. Dever\u00e1 ler esta pol\u00edtica para entender o que s\u00e3o cookies, como os usamos, os tipos de cookies que usamos, ou seja, as informa\u00e7\u00f5es que recolhemos usando cookies, como essas informa\u00e7\u00f5es s\u00e3o usadas e como controlar as prefer\u00eancias de cookies. Para mais informa\u00e7\u00f5es sobre como usamos, armazenamos e mantemos seus dados pessoais seguros, consulte nossa Pol\u00edtica de Privacidade.<br \/>Voc\u00ea pode, a qualquer momento, alterar ou retirar seu consentimento da Declara\u00e7\u00e3o de Cookies no nosso site.<\/p>\n<p style=\"font-weight: 400;\">Saiba mais sobre quem somos, como nos pode contactar e como processamos dados pessoais na nossa Pol\u00edtica de Privacidade.<\/p>\n<p style=\"font-weight: 400;\"><strong>O que s\u00e3o cookies ?<\/strong><\/p>\n<p style=\"font-weight: 400;\">Cookies s\u00e3o pequenos arquivos de texto usados para armazenar pequenas informa\u00e7\u00f5es. Os cookies s\u00e3o armazenados no seu dispositivo quando o site \u00e9 carregado no seu navegador. Esses cookies ajudam-nos a fazer com que o site funcione corretamente, torne o site mais seguro, ofere\u00e7a melhor experi\u00eancia ao utilizador, perceber como o site funciona, analisar o que funciona e onde precisa ser melhorado.<\/p>\n<p style=\"font-weight: 400;\"><strong>Como usamos os cookies ?<\/strong><\/p>\n<p style=\"font-weight: 400;\">Como a maioria dos servi\u00e7os online, o nosso site usa cookies prim\u00e1rios e de terceiros para diversas finalidades. Os cookies prim\u00e1rios s\u00e3o necess\u00e1rios para que o site funcione corretamente e n\u00e3o recolhem dados pessoais identific\u00e1veis. Os cookies de terceiros usados no nosso site s\u00e3o usados principalmente para entender como o site funciona, como interage com o nosso site, mantendo nossos servi\u00e7os seguros, ao mesmo tempo, fornecendo uma melhor e melhorada experi\u00eancia ao utilizador e ajudar a acelerar suas futuras intera\u00e7\u00f5es com o nosso site.<\/p>\n<p style=\"font-weight: 400;\"><strong>Que tipo de cookies utilizamos?<\/strong><\/p>\n<p style=\"font-weight: 400;\"><strong>Essenciais:\u00a0<\/strong>Alguns cookies s\u00e3o essenciais para que possa experimentar todas as funcionalidades do nosso site. Permitem manter sess\u00f5es de utilizadores e evitar qualquer amea\u00e7a de seguran\u00e7a. N\u00e3o recolhem nem armazenam informa\u00e7\u00f5es pessoais.<\/p>\n<p style=\"font-weight: 400;\"><strong>Estatisticas:\u00a0<\/strong>Estes cookies armazenam informa\u00e7\u00f5es como o n\u00famero de visitantes do site, o n\u00famero de visitantes \u00fanicos, quais as p\u00e1ginas do site que foram visitadas, a origem da visita etc. Estes dados ajudam-nos a entender e analisar o desempenho do site e onde precisa de melhorias.<\/p>\n<p style=\"font-weight: 400;\"><strong>Funcionais:\u00a0<\/strong>Estes s\u00e3o os cookies que ajudam certas funcionalidades n\u00e3o essenciais no nosso site. Essas funcionalidades incluem incorporar conte\u00fado como v\u00eddeos ou compartilhar conte\u00fado no site em plataformas de m\u00eddia social.<\/p>\n<p style=\"font-weight: 400;\"><strong>Preferencias:\u00a0<\/strong>Estes cookies ajudam-nos a armazenar suas configura\u00e7\u00f5es e prefer\u00eancias de navega\u00e7\u00e3o, como prefer\u00eancias de idioma, para que tenha uma experi\u00eancia melhor e eficiente em futuras visitas ao site.<\/p>\n<p style=\"font-weight: 400;\"><strong>Como posso controlar as prefer\u00eancias de cookies?<\/strong><\/p>\n<p style=\"font-weight: 400;\">Caso decida alterar suas prefer\u00eancias posteriormente durante a sua sess\u00e3o de navega\u00e7\u00e3o, clique na guia \u201cPol\u00edtica de Cookies\u201d no ecr\u00e3. Isso exibir\u00e1 o aviso de consentimento novamente, permitindo que altere as suas prefer\u00eancias ou retire totalmente o seu consentimento.<br \/>Al\u00e9m disso, os diferentes navegadores fornecem diferentes m\u00e9todos para bloquear e excluir os cookies usados em sites. Pode alterar as configura\u00e7\u00f5es do seu navegador para bloquear \/ eliminar os cookies. Para saber mais sobre como gerir e eliminar cookies, visite<span>\u00a0<\/span><a href=\"http:\/\/wikipedia.org\/\" data-saferedirecturl=\"https:\/\/www.google.com\/url?q=http:\/\/wikipedia.org&amp;source=gmail&amp;ust=1583503141677000&amp;usg=AFQjCNEheRHswa7YjXi1EFmFnqkctElRiA\">wikipedia.org<\/a>,<span>\u00a0<\/span><a href=\"http:\/\/www.allaboutcookies.org\/\" data-saferedirecturl=\"https:\/\/www.google.com\/url?q=http:\/\/www.allaboutcookies.org&amp;source=gmail&amp;ust=1583503141677000&amp;usg=AFQjCNHWlUg7TktiPoUHQiefR3cUTgjy1Q\">www.allaboutcookies.org<\/a><\/p>\n<p style=\"font-weight: 400;\">\n<p style=\"font-weight: 400;\">Pbv &#8211; Campervan Rentals, Lda<br \/>510594620<br \/>Ru<span style=\"font-size: 14px; font-family: Quicksand, Helvetica, Arial, Lucida, sans-serif;\">a Jo\u00e3o Chagas, N\u00ba 159, 1\u00baDto. 2795-102 Linda-A-Velha<\/span><\/p>\n<p>&nbsp;<\/p>\n<p><!-- \/divi:heading -->[\/et_pb_text][\/et_pb_column][\/et_pb_row][\/et_pb_section]<\/p>\n","protected":false},"excerpt":{"rendered":"<p>Pol\u00edtica de Cookies Esta Pol\u00edtica de Cookies explica o que s\u00e3o cookies e como os usamos. Dever\u00e1 ler esta pol\u00edtica para entender o que s\u00e3o cookies, como os usamos, os tipos de cookies que usamos, ou seja, as informa\u00e7\u00f5es que recolhemos usando cookies, como essas informa\u00e7\u00f5es s\u00e3o usadas e como controlar as prefer\u00eancias de cookies. [&hellip;]<\/p>\n","protected":false},"author":3,"featured_media":0,"parent":0,"menu_order":0,"comment_status":"closed","ping_status":"closed","template":"","meta":{"_et_pb_use_builder":"on","_et_pb_old_content":"<!-- wp:heading -->\n<h2>Who we are<\/h2>\n<!-- \/wp:heading -->\n\n<!-- wp:paragraph -->\n<p>Our website address is: https:\/\/portugalbyvan.com.<\/p>\n<!-- \/wp:paragraph -->\n\n<!-- wp:heading -->\n<h2>What personal data we collect and why we collect it<\/h2>\n<!-- \/wp:heading -->\n\n<!-- wp:heading {\"level\":3} -->\n<h3>Comments<\/h3>\n<!-- \/wp:heading -->\n\n<!-- wp:paragraph -->\n<p>When visitors leave comments on the site we collect the data shown in the comments form, and also the visitor\u2019s IP address and browser user agent string to help spam detection.<\/p>\n<!-- \/wp:paragraph -->\n\n<!-- wp:paragraph -->\n<p>An anonymized string created from your email address (also called a hash) may be provided to the Gravatar service to see if you are using it. The Gravatar service privacy policy is available here: https:\/\/automattic.com\/privacy\/. After approval of your comment, your profile picture is visible to the public in the context of your comment.<\/p>\n<!-- \/wp:paragraph -->\n\n<!-- wp:heading {\"level\":3} -->\n<h3>Media<\/h3>\n<!-- \/wp:heading -->\n\n<!-- wp:paragraph -->\n<p>If you upload images to the website, you should avoid uploading images with embedded location data (EXIF GPS) included. Visitors to the website can download and extract any location data from images on the website.<\/p>\n<!-- \/wp:paragraph -->\n\n<!-- wp:heading {\"level\":3} -->\n<h3>Contact forms<\/h3>\n<!-- \/wp:heading -->\n\n<!-- wp:heading {\"level\":3} -->\n<h3>Cookies<\/h3>\n<!-- \/wp:heading -->\n\n<!-- wp:paragraph -->\n<p>If you leave a comment on our site you may opt-in to saving your name, email address and website in cookies. These are for your convenience so that you do not have to fill in your details again when you leave another comment. These cookies will last for one year.<\/p>\n<!-- \/wp:paragraph -->\n\n<!-- wp:paragraph -->\n<p>If you visit our login page, we will set a temporary cookie to determine if your browser accepts cookies. This cookie contains no personal data and is discarded when you close your browser.<\/p>\n<!-- \/wp:paragraph -->\n\n<!-- wp:paragraph -->\n<p>When you log in, we will also set up several cookies to save your login information and your screen display choices. Login cookies last for two days, and screen options cookies last for a year. If you select \"Remember Me\", your login will persist for two weeks. If you log out of your account, the login cookies will be removed.<\/p>\n<!-- \/wp:paragraph -->\n\n<!-- wp:paragraph -->\n<p>If you edit or publish an article, an additional cookie will be saved in your browser. This cookie includes no personal data and simply indicates the post ID of the article you just edited. It expires after 1 day.<\/p>\n<!-- \/wp:paragraph -->\n\n<!-- wp:heading {\"level\":3} -->\n<h3>Embedded content from other websites<\/h3>\n<!-- \/wp:heading -->\n\n<!-- wp:paragraph -->\n<p>Articles on this site may include embedded content (e.g. videos, images, articles, etc.). Embedded content from other websites behaves in the exact same way as if the visitor has visited the other website.<\/p>\n<!-- \/wp:paragraph -->\n\n<!-- wp:paragraph -->\n<p>These websites may collect data about you, use cookies, embed additional third-party tracking, and monitor your interaction with that embedded content, including tracking your interaction with the embedded content if you have an account and are logged in to that website.<\/p>\n<!-- \/wp:paragraph -->\n\n<!-- wp:heading {\"level\":3} -->\n<h3>Analytics<\/h3>\n<!-- \/wp:heading -->\n\n<!-- wp:heading -->\n<h2>Who we share your data with<\/h2>\n<!-- \/wp:heading -->\n\n<!-- wp:heading -->\n<h2>How long we retain your data<\/h2>\n<!-- \/wp:heading -->\n\n<!-- wp:paragraph -->\n<p>If you leave a comment, the comment and its metadata are retained indefinitely. This is so we can recognize and approve any follow-up comments automatically instead of holding them in a moderation queue.<\/p>\n<!-- \/wp:paragraph -->\n\n<!-- wp:paragraph -->\n<p>For users that register on our website (if any), we also store the personal information they provide in their user profile. All users can see, edit, or delete their personal information at any time (except they cannot change their username). Website administrators can also see and edit that information.<\/p>\n<!-- \/wp:paragraph -->\n\n<!-- wp:heading -->\n<h2>What rights you have over your data<\/h2>\n<!-- \/wp:heading -->\n\n<!-- wp:paragraph -->\n<p>If you have an account on this site, or have left comments, you can request to receive an exported file of the personal data we hold about you, including any data you have provided to us. You can also request that we erase any personal data we hold about you. This does not include any data we are obliged to keep for administrative, legal, or security purposes.<\/p>\n<!-- \/wp:paragraph -->\n\n<!-- wp:heading -->\n<h2>Where we send your data<\/h2>\n<!-- \/wp:heading -->\n\n<!-- wp:paragraph -->\n<p>Visitor comments may be checked through an automated spam detection service.<\/p>\n<!-- \/wp:paragraph -->\n\n<!-- wp:heading -->\n<h2>Your contact information<\/h2>\n<!-- \/wp:heading -->\n\n<!-- wp:heading -->\n<h2>Additional information<\/h2>\n<!-- \/wp:heading -->\n\n<!-- wp:heading {\"level\":3} -->\n<h3>How we protect your data<\/h3>\n<!-- \/wp:heading -->\n\n<!-- wp:heading {\"level\":3} -->\n<h3>What data breach procedures we have in place<\/h3>\n<!-- \/wp:heading -->\n\n<!-- wp:heading {\"level\":3} -->\n<h3>What third parties we receive data from<\/h3>\n<!-- \/wp:heading -->\n\n<!-- wp:heading {\"level\":3} -->\n<h3>What automated decision making and\/or profiling we do with user data<\/h3>\n<!-- \/wp:heading -->\n\n<!-- wp:heading {\"level\":3} -->\n<h3>Industry regulatory disclosure requirements<\/h3>\n<!-- \/wp:heading -->","_et_gb_content_width":"1080","_exactmetrics_skip_tracking":false,"_exactmetrics_sitenote_active":false,"_exactmetrics_sitenote_note":"","_exactmetrics_sitenote_category":0,"_joinchat":[],"footnotes":""},"class_list":["post-212872","page","type-page","status-publish","hentry"],"_links":{"self":[{"href":"https:\/\/portugalbyvan.com\/es\/wp-json\/wp\/v2\/pages\/212872","targetHints":{"allow":["GET"]}}],"collection":[{"href":"https:\/\/portugalbyvan.com\/es\/wp-json\/wp\/v2\/pages"}],"about":[{"href":"https:\/\/portugalbyvan.com\/es\/wp-json\/wp\/v2\/types\/page"}],"author":[{"embeddable":true,"href":"https:\/\/portugalbyvan.com\/es\/wp-json\/wp\/v2\/users\/3"}],"replies":[{"embeddable":true,"href":"https:\/\/portugalbyvan.com\/es\/wp-json\/wp\/v2\/comments?post=212872"}],"version-history":[{"count":1,"href":"https:\/\/portugalbyvan.com\/es\/wp-json\/wp\/v2\/pages\/212872\/revisions"}],"predecessor-version":[{"id":239987,"href":"https:\/\/portugalbyvan.com\/es\/wp-json\/wp\/v2\/pages\/212872\/revisions\/239987"}],"wp:attachment":[{"href":"https:\/\/portugalbyvan.com\/es\/wp-json\/wp\/v2\/media?parent=212872"}],"curies":[{"name":"wp","href":"https:\/\/api.w.org\/{rel}","templated":true}]}}